{"id":3,"date":"2021-03-04T11:05:09","date_gmt":"2021-03-04T11:05:09","guid":{"rendered":"http:\/\/www.grupojorgeanjos.pt\/?page_id=3"},"modified":"2021-04-03T16:53:57","modified_gmt":"2021-04-03T16:53:57","slug":"politica-privacidade","status":"publish","type":"page","link":"https:\/\/www.grupojorgeanjos.pt\/en\/politica-privacidade\/","title":{"rendered":"Privacy Policy"},"content":{"rendered":"<div data-elementor-type=\"wp-page\" data-elementor-id=\"3\" class=\"elementor elementor-3\">\n\t\t\t\t\t\t<section class=\"elementor-section elementor-top-section elementor-element elementor-element-18c86ecb elementor-section-boxed elementor-section-height-default elementor-section-height-default\" data-id=\"18c86ecb\" data-element_type=\"section\" data-e-type=\"section\">\n\t\t\t\t\t\t<div class=\"elementor-container elementor-column-gap-default\">\n\t\t\t\t\t<div class=\"elementor-column elementor-col-100 elementor-top-column elementor-element elementor-element-2700e469\" data-id=\"2700e469\" data-element_type=\"column\" data-e-type=\"column\">\n\t\t\t<div class=\"elementor-widget-wrap elementor-element-populated\">\n\t\t\t\t\t\t<div class=\"elementor-element elementor-element-12616a35 elementor-widget elementor-widget-text-editor\" data-id=\"12616a35\" data-element_type=\"widget\" data-e-type=\"widget\" data-widget_type=\"text-editor.default\">\n\t\t\t\t<div class=\"elementor-widget-container\">\n\t\t\t\t\t\t\t\t\t<p><strong>JORGE DOS ANJOS, UNIPESSOAL LDA TEMPORARY EMPLOYMENT COMPANY. - <\/strong>\u00a0| PRIVACY POLICY<\/p><h3><strong>PRIVACY<\/strong><\/h3><p>The person responsible for the processing of personal data is JORGE DOS ANJOS, EMPRESA DE TRABALHO TEMPOR\u00c1RIO UNIPESSOAL LDA., (License n.\u00ba864\/18, de 29\/11), Legal Person n\u00ba 513611657, registered in the Commercial Registry Office of Porto, under the same number and with the same tax contributor, Social Security n\u00ba 25136116571, headquartered in Rua de S\u00e3o Jorge, No 93, 3\u00ba Hab 3.10 4430-530 Oliveira do Douro (hereinafter Jorge dos Anjos').<\/p><p>In the provision of services by Jorge dos Anjos or in the use of the Jorge dos Anjos website, some personal data may be requested, which the user is free to provide, through explicit consent. In some cases, some services may not be available if you choose not to provide some information. This will only occur when the information is essential for the provision of such services. In these cases, we will inform you of such circumstance.<\/p><p>The website of Jorge dos Anjos presents a contact form, through which the user can, by explicit consent, provide the following personal data: name, email, telephone and district of residence. The purpose of collecting this data is related to the answer that Jorge dos Anjos will provide to the user, following the submission of the said form for sale of car.<\/p><p>When accessed, the Jorge dos Anjos website may collect certain information, which is anonymously stored on Jorge dos Anjos' servers, including the date and time of access, the browser and operating system used, the IP address, the place of origin, Server of Internet service. Such information is functional, being essential for the proper functioning and protection of the site, as well as for the fulfillment of legal obligations. The information does not identify the user.<\/p><p>Subject to the Terms and Conditions of Use, the Site may provide links to vendor websites or other third parties. Jorge dos Anjos is not responsible for the contents of the destination of such links.<\/p><h3><strong>DATA USE<\/strong><\/h3><p>Subject to your explicit consent, Jorge dos Anjos may collect relevant information to improve the services provided. For this purpose, subject to explicit consent, personal data may be used only for:<\/p><ol><li>i) provide relevant information that is appropriate for the user;<\/li><li>ii) promote marketing activities, exclusively related to the Jorge dos Anjos website;<\/li><\/ol><p>iii) any relevant purpose for which express consent has been provided.<\/p><p>Personal data are stored on the servers of Jorge dos Anjos during the period in which they are necessary or legally required, after which they will be deleted.<\/p><p>The data subject has, at all times, the right to access his or her personal data and to correct, delete, require the limitation of processing or request its portability, as well as to withdraw his or her consent. If the personal data in question are necessary, Jorge dos Anjos will no longer provide the respective services.<\/p><p>The data subject has the right to lodge a complaint with the National Data Protection Commission.<\/p><h3><strong>DISCLOSURE<\/strong><\/h3><p>Notwithstanding the following paragraphs, Jorge dos Anjos does not sell personal data nor make it available to third parties.<\/p><p>Personal data may be disclosed in the following cases:<\/p><ul><li>The user has provided express consent to this effect;<\/li><li>The disclosure of the data is essential to the provision of the contracted services to Jorge dos Anjos;<\/li><li>The availability to companies of the Jorge dos Anjos group;<\/li><li>For the fulfillment of any legal or judicial obligation.<\/li><\/ul><h3><strong>COOKIES<\/strong><\/h3><p>Subject to your explicit consent, Jorge dos Anjos may use cookies. If the user does not consent to the use of cookies, or revokes such consent, some services may not be, or cease to be, available.<\/p><p>Cookies are text files with small amounts of information that allow Jorge dos Anjos to personalize and improve his experience on websites. Although it provides information about your IP address, your browser, your operating system and the websites through which you accessed Jorge dos Anjos, cookies do not provide any personally identifiable information.<\/p><p>Jorge dos Anjos uses third-party cookies, including Google and Facebook, for marketing purposes.<\/p><p>Jorge dos Anjos uses the following cookies:<\/p><p>Session cookies - to record user preferences as the language in which the site should be displayed and to keep user sessions authenticated. Cookies of this type are automatically deleted when the browser is closed.<\/p><p>Persistent cookies - to store information needed between sessions, for example, a cookie of this type is stored to indicate that the user has become aware of the cookie policy and to hide the message relating to it. This type of cookies is kept on the computer until their expiration date or are deleted by the user.<\/p><p>Jorge dos Anjos' websites use the Analytics service, made available by Google, to improve their performance, recording generic information about the access received from anonymous cookies that are used for this purpose.<\/p><p>Jorge dos Anjos is not responsible for actions of third parties, including suppliers.<\/p><p>For more information about cookies please visit <a href=\"http:\/\/www.youronlinechoices.com\/pt\/\" target=\"_blank\" rel=\"noopener\">http:\/\/www.youronlinechoices.com\/pt\/<\/a><\/p><h3><strong>TRANSFER OF PERSONAL DATA<\/strong><\/h3><p>Jorge dos Anjos takes all measures to protect the personal data processed. The information collected by Jorge dos Anjos may, in special circumstances and in accordance with European Union law, be transferred and stored outside the European Union. It can also be prosecuted by Jorge dos Anjos workers outside the European Union.<\/p><h3><strong>CONTACT Jorge dos Anjos<\/strong><\/h3><p>Jorge dos Anjos can be contacted at the address <a href=\"mailto:direcao@grupojorgeanjos.pt\">direcao@grupojorgeanjos.pt<\/a><\/p><p>The right of access to personal data may be exercised in accordance with the applicable law. Access may be subject to a fee for the applicable administrative costs.<\/p>\t\t\t\t\t\t\t\t<\/div>\n\t\t\t\t<\/div>\n\t\t\t\t\t<\/div>\n\t\t<\/div>\n\t\t\t\t\t<\/div>\n\t\t<\/section>\n\t\t\t\t<\/div>","protected":false},"excerpt":{"rendered":"<p>JORGE DOS ANJOS, EMPRESA DE TRABALHO TEMPOR\u00c1RIO UNIPESSOAL LDA. &#8211; \u00a0| POL\u00cdTICA DE PRIVACIDADE PRIVACIDADE O respons\u00e1vel pelo tratamento de dados pessoais \u00e9 a JORGE DOS ANJOS, EMPRESA DE TRABALHO TEMPOR\u00c1RIO UNIPESSOAL LDA., (Alvar\u00e1 n.\u00ba864\/18, de 29\/11), Pessoa Coletiva n.\u00ba513611657, matriculada na Conservat\u00f3ria do Registo Comercial do Porto, sob o mesmo n\u00famero e com o [&hellip;]<\/p>\n","protected":false},"author":1,"featured_media":0,"parent":0,"menu_order":0,"comment_status":"closed","ping_status":"open","template":"","meta":{"footnotes":""},"class_list":["post-3","page","type-page","status-publish","hentry"],"_links":{"self":[{"href":"https:\/\/www.grupojorgeanjos.pt\/en\/wp-json\/wp\/v2\/pages\/3","targetHints":{"allow":["GET"]}}],"collection":[{"href":"https:\/\/www.grupojorgeanjos.pt\/en\/wp-json\/wp\/v2\/pages"}],"about":[{"href":"https:\/\/www.grupojorgeanjos.pt\/en\/wp-json\/wp\/v2\/types\/page"}],"author":[{"embeddable":true,"href":"https:\/\/www.grupojorgeanjos.pt\/en\/wp-json\/wp\/v2\/users\/1"}],"replies":[{"embeddable":true,"href":"https:\/\/www.grupojorgeanjos.pt\/en\/wp-json\/wp\/v2\/comments?post=3"}],"version-history":[{"count":18,"href":"https:\/\/www.grupojorgeanjos.pt\/en\/wp-json\/wp\/v2\/pages\/3\/revisions"}],"predecessor-version":[{"id":3607,"href":"https:\/\/www.grupojorgeanjos.pt\/en\/wp-json\/wp\/v2\/pages\/3\/revisions\/3607"}],"wp:attachment":[{"href":"https:\/\/www.grupojorgeanjos.pt\/en\/wp-json\/wp\/v2\/media?parent=3"}],"curies":[{"name":"wp","href":"https:\/\/api.w.org\/{rel}","templated":true}]}}